{"id":2159,"date":"2018-02-19T16:57:00","date_gmt":"2018-02-19T16:57:00","guid":{"rendered":"https:\/\/mariaosso.cat\/escola\/4-ambients\/"},"modified":"2024-04-13T10:41:43","modified_gmt":"2024-04-13T10:41:43","slug":"4-ambients","status":"publish","type":"page","link":"https:\/\/mariaosso.cat\/escola\/4-ambients\/","title":{"rendered":"4. Ambients"},"content":{"rendered":"\t\t<div data-elementor-type=\"wp-page\" data-elementor-id=\"2159\" class=\"elementor elementor-2159\">\n\t\t\t\t<div class=\"elementor-element elementor-element-4675ea3a e-flex e-con-boxed e-con e-parent\" data-id=\"4675ea3a\" data-element_type=\"container\">\n\t\t\t\t\t<div class=\"e-con-inner\">\n\t\t\t\t<div class=\"elementor-element elementor-element-4d092343 elementor-widget elementor-widget-text-editor\" data-id=\"4d092343\" data-element_type=\"widget\" data-widget_type=\"text-editor.default\">\n\t\t\t\t<div class=\"elementor-widget-container\">\n\t\t\t<style>\/*! elementor - v3.21.0 - 25-04-2024 *\/\n.elementor-widget-text-editor.elementor-drop-cap-view-stacked .elementor-drop-cap{background-color:#69727d;color:#fff}.elementor-widget-text-editor.elementor-drop-cap-view-framed .elementor-drop-cap{color:#69727d;border:3px solid;background-color:transparent}.elementor-widget-text-editor:not(.elementor-drop-cap-view-default) .elementor-drop-cap{margin-top:8px}.elementor-widget-text-editor:not(.elementor-drop-cap-view-default) .elementor-drop-cap-letter{width:1em;height:1em}.elementor-widget-text-editor .elementor-drop-cap{float:left;text-align:center;line-height:1;font-size:50px}.elementor-widget-text-editor .elementor-drop-cap-letter{display:inline-block}<\/style>\t\t\t\t<p>A l\u2019escola oferim la possibilitat d\u2019aprendre a partir d\u2019ambients preparats donant resposta a les metodologies actuals m\u00e9s innovadores que treballen des d\u2019 una perspectiva basada en que el protagonista de l\u2019aprenentatge \u00e9s l\u2019alumne potenciant la seva autonomia, concentraci\u00f3 i autoregulaci\u00f3.<\/p><p>Un ambient \u00e9s un espai organitzat per ajudar a aprendre i a cr\u00e9ixer a l\u2019infant. Els dissenyem per estimular el coneixement i la independ\u00e8ncia dels nostres alumnes. Als ambients, els alumnes troben materials did\u00e0ctics manipulatius al seu abast amb propostes autoavaluatives, materials necessaris per al seu per\u00edode de desenvolupament i que responen a les diverses compet\u00e8ncies de cada etapa educativa.<\/p><p>Aquesta proposta pedag\u00f2gica on gestionem el temps, l\u2019espai, els continguts i els agrupaments, s\u2019ofereix a infantil i a cicle inicial, en aquest darrer, a m\u00e9s dels ambients de l\u2019\u00e0mbit de coneixement del medi tamb\u00e9 fem 3 ambients nom\u00e9s en angl\u00e8s treballant aspectes relatius a l\u2019\u00e0rea de \u201cScience\u201d.<\/p><p>Quan treballem per ambients tenim una r\u00e0tio inferior de la que tenim a les aules, per tant, donem una atenci\u00f3 m\u00e9s individualitzada respectant la diversitat dels nostres alumnes. A m\u00e9s a m\u00e9s, un altre valor afegit \u00e9s el treball internivells (es barregen alumnes de diferents edats) establint aprenentatges i sin\u00e8rgies molt interessants entre alumnes.<\/p><p><strong>ELS AMBIENTS D\u2019INFANTIL:<\/strong><\/p><ul><li>ART\u00cdSTIC<\/li><li>FER I FESFER<\/li><li>ESPAI FOSC<\/li><li>EXTERIOR<\/li><li>JOC SIMB\u00d2LIC<\/li><li>LLENGUATGE<\/li><li>MATEM\u00c0TIC<\/li><li>CIENT\u00cdFIC<\/li><li>SENSACIONS<\/li><\/ul><p><strong>ELS AMBIENTS DE CICLE INICIAL:<\/strong><\/p><ul><li>ANIMALS &amp; PLANTS<\/li><li>COS I SALUT<\/li><li>TEMPS I ESPAI<\/li><li>ANIMALS I PLANTES<\/li><li>M\u00c0QUINES<\/li><li>FOOD &amp; 5 SENSES<\/li><li>MACHINES &amp; SEASONS<\/li><\/ul><p><strong>Ambients<\/strong><\/p><p><img fetchpriority=\"high\" decoding=\"async\" class=\"alignnone size-medium wp-image-661\" src=\"https:\/\/mariaosso.cat\/escola\/wp-content\/uploads\/2016\/10\/ambients-300x300.jpg\" alt=\"\" width=\"300\" height=\"300\" srcset=\"https:\/\/mariaosso.cat\/escola\/wp-content\/uploads\/2016\/10\/ambients-300x300.jpg 300w, https:\/\/mariaosso.cat\/escola\/wp-content\/uploads\/2016\/10\/ambients-150x150.jpg 150w, https:\/\/mariaosso.cat\/escola\/wp-content\/uploads\/2016\/10\/ambients.jpg 586w\" sizes=\"(max-width: 300px) 100vw, 300px\" \/><\/p><p><strong>Ambient de llengua<\/strong><\/p><p><img decoding=\"async\" class=\"alignnone size-medium wp-image-659\" src=\"https:\/\/mariaosso.cat\/escola\/wp-content\/uploads\/2016\/10\/ambient-llengua-300x300.jpg\" alt=\"\" width=\"300\" height=\"300\" srcset=\"https:\/\/mariaosso.cat\/escola\/wp-content\/uploads\/2016\/10\/ambient-llengua-300x300.jpg 300w, https:\/\/mariaosso.cat\/escola\/wp-content\/uploads\/2016\/10\/ambient-llengua-150x150.jpg 150w, https:\/\/mariaosso.cat\/escola\/wp-content\/uploads\/2016\/10\/ambient-llengua.jpg 586w\" sizes=\"(max-width: 300px) 100vw, 300px\" \/><\/p><p><strong>Ambient cient\u00edfic.<\/strong><\/p><p><img decoding=\"async\" class=\"alignnone size-medium wp-image-660\" src=\"https:\/\/mariaosso.cat\/escola\/wp-content\/uploads\/2016\/10\/ambient-cientific-300x300.jpg\" alt=\"\" width=\"300\" height=\"300\" srcset=\"https:\/\/mariaosso.cat\/escola\/wp-content\/uploads\/2016\/10\/ambient-cientific-300x300.jpg 300w, https:\/\/mariaosso.cat\/escola\/wp-content\/uploads\/2016\/10\/ambient-cientific-150x150.jpg 150w, https:\/\/mariaosso.cat\/escola\/wp-content\/uploads\/2016\/10\/ambient-cientific.jpg 586w\" sizes=\"(max-width: 300px) 100vw, 300px\" \/><\/p><p><strong>Ambient matem\u00e0tic<\/strong><\/p><p><img loading=\"lazy\" decoding=\"async\" class=\"alignnone size-medium wp-image-656\" src=\"https:\/\/mariaosso.cat\/escola\/wp-content\/uploads\/2016\/10\/espai-matematic-300x300.jpg\" alt=\"\" width=\"300\" height=\"300\" srcset=\"https:\/\/mariaosso.cat\/escola\/wp-content\/uploads\/2016\/10\/espai-matematic-300x300.jpg 300w, https:\/\/mariaosso.cat\/escola\/wp-content\/uploads\/2016\/10\/espai-matematic-150x150.jpg 150w, https:\/\/mariaosso.cat\/escola\/wp-content\/uploads\/2016\/10\/espai-matematic.jpg 586w\" sizes=\"(max-width: 300px) 100vw, 300px\" \/><\/p><p><strong>Ambient art\u00edstic<\/strong><\/p><p><img loading=\"lazy\" decoding=\"async\" class=\"alignnone size-medium wp-image-794\" src=\"https:\/\/mariaosso.cat\/escola\/wp-content\/uploads\/2016\/11\/ambientartisticr1-300x300.jpg\" alt=\"\" width=\"300\" height=\"300\" srcset=\"https:\/\/mariaosso.cat\/escola\/wp-content\/uploads\/2016\/11\/ambientartisticr1-300x300.jpg 300w, https:\/\/mariaosso.cat\/escola\/wp-content\/uploads\/2016\/11\/ambientartisticr1-150x150.jpg 150w, https:\/\/mariaosso.cat\/escola\/wp-content\/uploads\/2016\/11\/ambientartisticr1.jpg 600w\" sizes=\"(max-width: 300px) 100vw, 300px\" \/><\/p><p><strong>Ambient exterior<\/strong><\/p><p><img loading=\"lazy\" decoding=\"async\" class=\"alignnone size-medium wp-image-795\" src=\"https:\/\/mariaosso.cat\/escola\/wp-content\/uploads\/2016\/11\/ambient-exterior1-300x300.jpg\" alt=\"\" width=\"300\" height=\"300\" srcset=\"https:\/\/mariaosso.cat\/escola\/wp-content\/uploads\/2016\/11\/ambient-exterior1-300x300.jpg 300w, https:\/\/mariaosso.cat\/escola\/wp-content\/uploads\/2016\/11\/ambient-exterior1-150x150.jpg 150w, https:\/\/mariaosso.cat\/escola\/wp-content\/uploads\/2016\/11\/ambient-exterior1.jpg 600w\" sizes=\"(max-width: 300px) 100vw, 300px\" \/><\/p><p><strong>Ambient espai fosc<\/strong><\/p><p><img loading=\"lazy\" decoding=\"async\" class=\"alignnone size-medium wp-image-792\" src=\"https:\/\/mariaosso.cat\/escola\/wp-content\/uploads\/2016\/11\/ambient-fosc1-300x300.jpg\" alt=\"\" width=\"300\" height=\"300\" srcset=\"https:\/\/mariaosso.cat\/escola\/wp-content\/uploads\/2016\/11\/ambient-fosc1-300x300.jpg 300w, https:\/\/mariaosso.cat\/escola\/wp-content\/uploads\/2016\/11\/ambient-fosc1-150x150.jpg 150w, https:\/\/mariaosso.cat\/escola\/wp-content\/uploads\/2016\/11\/ambient-fosc1.jpg 600w\" sizes=\"(max-width: 300px) 100vw, 300px\" \/><\/p><p><strong>Ambient de joc simb\u00f2lic<\/strong><\/p><p><img loading=\"lazy\" decoding=\"async\" class=\"alignnone size-medium wp-image-793\" src=\"https:\/\/mariaosso.cat\/escola\/wp-content\/uploads\/2016\/11\/ambient-jocsimbolic-300x300.jpg\" alt=\"\" width=\"300\" height=\"300\" srcset=\"https:\/\/mariaosso.cat\/escola\/wp-content\/uploads\/2016\/11\/ambient-jocsimbolic-300x300.jpg 300w, https:\/\/mariaosso.cat\/escola\/wp-content\/uploads\/2016\/11\/ambient-jocsimbolic-150x150.jpg 150w, https:\/\/mariaosso.cat\/escola\/wp-content\/uploads\/2016\/11\/ambient-jocsimbolic.jpg 600w\" sizes=\"(max-width: 300px) 100vw, 300px\" \/><\/p><p><strong>Ambient de sensacions<\/strong><\/p><p><img loading=\"lazy\" decoding=\"async\" class=\"alignnone size-medium wp-image-2714\" src=\"https:\/\/mariaosso.cat\/escola\/wp-content\/uploads\/2019\/02\/ambients-sensacions-300x300.jpg\" alt=\"\" width=\"300\" height=\"300\" srcset=\"https:\/\/mariaosso.cat\/escola\/wp-content\/uploads\/2019\/02\/ambients-sensacions-300x300.jpg 300w, https:\/\/mariaosso.cat\/escola\/wp-content\/uploads\/2019\/02\/ambients-sensacions-150x150.jpg 150w, https:\/\/mariaosso.cat\/escola\/wp-content\/uploads\/2019\/02\/ambients-sensacions.jpg 650w\" sizes=\"(max-width: 300px) 100vw, 300px\" \/><\/p><p><strong>Ambient animals &amp; plants<\/strong><\/p><p><img loading=\"lazy\" decoding=\"async\" class=\"alignnone size-medium wp-image-2219\" src=\"https:\/\/mariaosso.cat\/escola\/wp-content\/uploads\/2018\/02\/ambient-animals-300x300.jpg\" alt=\"\" width=\"300\" height=\"300\" srcset=\"https:\/\/mariaosso.cat\/escola\/wp-content\/uploads\/2018\/02\/ambient-animals-300x300.jpg 300w, https:\/\/mariaosso.cat\/escola\/wp-content\/uploads\/2018\/02\/ambient-animals-150x150.jpg 150w, https:\/\/mariaosso.cat\/escola\/wp-content\/uploads\/2018\/02\/ambient-animals.jpg 600w\" sizes=\"(max-width: 300px) 100vw, 300px\" \/><\/p><p><strong>Ambient cos i salut<\/strong><\/p><p><img loading=\"lazy\" decoding=\"async\" class=\"alignnone size-medium wp-image-2220\" src=\"https:\/\/mariaosso.cat\/escola\/wp-content\/uploads\/2018\/02\/ambient-cos-300x300.jpg\" alt=\"\" width=\"300\" height=\"300\" srcset=\"https:\/\/mariaosso.cat\/escola\/wp-content\/uploads\/2018\/02\/ambient-cos-300x300.jpg 300w, https:\/\/mariaosso.cat\/escola\/wp-content\/uploads\/2018\/02\/ambient-cos-150x150.jpg 150w, https:\/\/mariaosso.cat\/escola\/wp-content\/uploads\/2018\/02\/ambient-cos.jpg 600w\" sizes=\"(max-width: 300px) 100vw, 300px\" \/><\/p><p><strong>Ambient temps i espai<\/strong><\/p><p><img loading=\"lazy\" decoding=\"async\" class=\"alignnone size-medium wp-image-2218\" src=\"https:\/\/mariaosso.cat\/escola\/wp-content\/uploads\/2018\/02\/ambient-temps-300x300.jpg\" alt=\"\" width=\"300\" height=\"300\" srcset=\"https:\/\/mariaosso.cat\/escola\/wp-content\/uploads\/2018\/02\/ambient-temps-300x300.jpg 300w, https:\/\/mariaosso.cat\/escola\/wp-content\/uploads\/2018\/02\/ambient-temps-150x150.jpg 150w, https:\/\/mariaosso.cat\/escola\/wp-content\/uploads\/2018\/02\/ambient-temps.jpg 600w\" sizes=\"(max-width: 300px) 100vw, 300px\" \/><\/p><p><strong>Ambient animals i plantes<\/strong><\/p><p><img loading=\"lazy\" decoding=\"async\" class=\"alignnone size-medium wp-image-2219\" src=\"https:\/\/mariaosso.cat\/escola\/wp-content\/uploads\/2018\/02\/ambient-animals-300x300.jpg\" alt=\"\" width=\"300\" height=\"300\" srcset=\"https:\/\/mariaosso.cat\/escola\/wp-content\/uploads\/2018\/02\/ambient-animals-300x300.jpg 300w, https:\/\/mariaosso.cat\/escola\/wp-content\/uploads\/2018\/02\/ambient-animals-150x150.jpg 150w, https:\/\/mariaosso.cat\/escola\/wp-content\/uploads\/2018\/02\/ambient-animals.jpg 600w\" sizes=\"(max-width: 300px) 100vw, 300px\" \/><\/p><p><strong>Ambient m\u00e0quines<\/strong><\/p><p><img loading=\"lazy\" decoding=\"async\" class=\"alignnone size-medium wp-image-2216\" src=\"https:\/\/mariaosso.cat\/escola\/wp-content\/uploads\/2018\/02\/ambient-maquinesjpg-300x300.jpg\" alt=\"\" width=\"300\" height=\"300\" srcset=\"https:\/\/mariaosso.cat\/escola\/wp-content\/uploads\/2018\/02\/ambient-maquinesjpg-300x300.jpg 300w, https:\/\/mariaosso.cat\/escola\/wp-content\/uploads\/2018\/02\/ambient-maquinesjpg-150x150.jpg 150w, https:\/\/mariaosso.cat\/escola\/wp-content\/uploads\/2018\/02\/ambient-maquinesjpg.jpg 600w\" sizes=\"(max-width: 300px) 100vw, 300px\" \/><\/p><p><strong>Ambient food and senses<\/strong><\/p><p><img loading=\"lazy\" decoding=\"async\" class=\"alignnone size-medium wp-image-2215\" src=\"https:\/\/mariaosso.cat\/escola\/wp-content\/uploads\/2018\/02\/ambient-foodsenses-300x300.jpg\" alt=\"\" width=\"300\" height=\"300\" srcset=\"https:\/\/mariaosso.cat\/escola\/wp-content\/uploads\/2018\/02\/ambient-foodsenses-300x300.jpg 300w, https:\/\/mariaosso.cat\/escola\/wp-content\/uploads\/2018\/02\/ambient-foodsenses-150x150.jpg 150w, https:\/\/mariaosso.cat\/escola\/wp-content\/uploads\/2018\/02\/ambient-foodsenses.jpg 600w\" sizes=\"(max-width: 300px) 100vw, 300px\" \/><\/p><p><strong>Ambient Machines &amp; seasons<\/strong><\/p><p><img loading=\"lazy\" decoding=\"async\" class=\"alignnone size-medium wp-image-2217\" src=\"https:\/\/mariaosso.cat\/escola\/wp-content\/uploads\/2018\/02\/ambientma-seasons-300x300.jpg\" alt=\"\" width=\"300\" height=\"300\" srcset=\"https:\/\/mariaosso.cat\/escola\/wp-content\/uploads\/2018\/02\/ambientma-seasons-300x300.jpg 300w, https:\/\/mariaosso.cat\/escola\/wp-content\/uploads\/2018\/02\/ambientma-seasons-150x150.jpg 150w, https:\/\/mariaosso.cat\/escola\/wp-content\/uploads\/2018\/02\/ambientma-seasons.jpg 600w\" sizes=\"(max-width: 300px) 100vw, 300px\" \/><\/p>\t\t\t\t\t\t<\/div>\n\t\t\t\t<\/div>\n\t\t\t\t\t<\/div>\n\t\t\t\t<\/div>\n\t\t\t\t<\/div>\n\t\t","protected":false},"excerpt":{"rendered":"<p>A l\u2019escola oferim la possibilitat d\u2019aprendre a partir d\u2019ambients preparats donant resposta a les metodologies actuals m\u00e9s innovadores que treballen des d\u2019 una perspectiva basada en que el protagonista de l\u2019aprenentatge \u00e9s l\u2019alumne potenciant la seva autonomia, concentraci\u00f3 i autoregulaci\u00f3. Un ambient \u00e9s un espai organitzat per ajudar a aprendre i a cr\u00e9ixer a l\u2019infant. [&hellip;]<\/p>\n","protected":false},"author":1,"featured_media":0,"parent":0,"menu_order":0,"comment_status":"closed","ping_status":"closed","template":"","meta":{"site-sidebar-layout":"default","site-content-layout":"","ast-site-content-layout":"","site-content-style":"default","site-sidebar-style":"default","ast-global-header-display":"","ast-banner-title-visibility":"","ast-main-header-display":"","ast-hfb-above-header-display":"","ast-hfb-below-header-display":"","ast-hfb-mobile-header-display":"","site-post-title":"","ast-breadcrumbs-content":"","ast-featured-img":"","footer-sml-layout":"","theme-transparent-header-meta":"","adv-header-id-meta":"","stick-header-meta":"","header-above-stick-meta":"","header-main-stick-meta":"","header-below-stick-meta":"","astra-migrate-meta-layouts":"default","ast-page-background-enabled":"default","ast-page-background-meta":{"desktop":{"background-color":"","background-image":"","background-repeat":"repeat","background-position":"center center","background-size":"auto","background-attachment":"scroll","background-type":"","background-media":"","overlay-type":"","overlay-color":"","overlay-gradient":""},"tablet":{"background-color":"","background-image":"","background-repeat":"repeat","background-position":"center center","background-size":"auto","background-attachment":"scroll","background-type":"","background-media":"","overlay-type":"","overlay-color":"","overlay-gradient":""},"mobile":{"background-color":"","background-image":"","background-repeat":"repeat","background-position":"center center","background-size":"auto","background-attachment":"scroll","background-type":"","background-media":"","overlay-type":"","overlay-color":"","overlay-gradient":""}},"ast-content-background-meta":{"desktop":{"background-color":"var(--ast-global-color-5)","background-image":"","background-repeat":"repeat","background-position":"center center","background-size":"auto","background-attachment":"scroll","background-type":"","background-media":"","overlay-type":"","overlay-color":"","overlay-gradient":""},"tablet":{"background-color":"var(--ast-global-color-5)","background-image":"","background-repeat":"repeat","background-position":"center center","background-size":"auto","background-attachment":"scroll","background-type":"","background-media":"","overlay-type":"","overlay-color":"","overlay-gradient":""},"mobile":{"background-color":"var(--ast-global-color-5)","background-image":"","background-repeat":"repeat","background-position":"center center","background-size":"auto","background-attachment":"scroll","background-type":"","background-media":"","overlay-type":"","overlay-color":"","overlay-gradient":""}},"footnotes":""},"class_list":["post-2159","page","type-page","status-publish","hentry"],"_links":{"self":[{"href":"https:\/\/mariaosso.cat\/escola\/wp-json\/wp\/v2\/pages\/2159","targetHints":{"allow":["GET"]}}],"collection":[{"href":"https:\/\/mariaosso.cat\/escola\/wp-json\/wp\/v2\/pages"}],"about":[{"href":"https:\/\/mariaosso.cat\/escola\/wp-json\/wp\/v2\/types\/page"}],"author":[{"embeddable":true,"href":"https:\/\/mariaosso.cat\/escola\/wp-json\/wp\/v2\/users\/1"}],"replies":[{"embeddable":true,"href":"https:\/\/mariaosso.cat\/escola\/wp-json\/wp\/v2\/comments?post=2159"}],"version-history":[{"count":3,"href":"https:\/\/mariaosso.cat\/escola\/wp-json\/wp\/v2\/pages\/2159\/revisions"}],"predecessor-version":[{"id":4014,"href":"https:\/\/mariaosso.cat\/escola\/wp-json\/wp\/v2\/pages\/2159\/revisions\/4014"}],"wp:attachment":[{"href":"https:\/\/mariaosso.cat\/escola\/wp-json\/wp\/v2\/media?parent=2159"}],"curies":[{"name":"wp","href":"https:\/\/api.w.org\/{rel}","templated":true}]}}