{"id":2223,"date":"2018-02-21T13:26:54","date_gmt":"2018-02-21T13:26:54","guid":{"rendered":"https:\/\/mariaosso.cat\/escola\/europa-3\/"},"modified":"2024-04-13T11:00:06","modified_gmt":"2024-04-13T11:00:06","slug":"europa-3","status":"publish","type":"page","link":"https:\/\/mariaosso.cat\/escola\/europa-3\/","title":{"rendered":"9. Europa"},"content":{"rendered":"\t\t<div data-elementor-type=\"wp-page\" data-elementor-id=\"2223\" class=\"elementor elementor-2223\">\n\t\t\t\t<div class=\"elementor-element elementor-element-16908d6c e-flex e-con-boxed e-con e-parent\" data-id=\"16908d6c\" data-element_type=\"container\">\n\t\t\t\t\t<div class=\"e-con-inner\">\n\t\t\t\t<div class=\"elementor-element elementor-element-413da070 elementor-widget elementor-widget-text-editor\" data-id=\"413da070\" data-element_type=\"widget\" data-widget_type=\"text-editor.default\">\n\t\t\t\t<div class=\"elementor-widget-container\">\n\t\t\t<style>\/*! elementor - v3.21.0 - 25-04-2024 *\/\n.elementor-widget-text-editor.elementor-drop-cap-view-stacked .elementor-drop-cap{background-color:#69727d;color:#fff}.elementor-widget-text-editor.elementor-drop-cap-view-framed .elementor-drop-cap{color:#69727d;border:3px solid;background-color:transparent}.elementor-widget-text-editor:not(.elementor-drop-cap-view-default) .elementor-drop-cap{margin-top:8px}.elementor-widget-text-editor:not(.elementor-drop-cap-view-default) .elementor-drop-cap-letter{width:1em;height:1em}.elementor-widget-text-editor .elementor-drop-cap{float:left;text-align:center;line-height:1;font-size:50px}.elementor-widget-text-editor .elementor-drop-cap-letter{display:inline-block}<\/style>\t\t\t\t<h1 class=\"\\&quot;h1-educatiu\\&quot;\">Celebrem el dia d&#8217;Europa<\/h1><p>\u00a0<\/p><p><img decoding=\"async\" class=\"alignnone size-full wp-image-2295\" src=\"https:\/\/mariaosso.cat\/escola\/wp-content\/uploads\/2018\/02\/ico-euro2.jpg\" alt=\"\" width=\"80\" height=\"79\" \/>A la nostra escola, a principis de maig, els alumnes de 5\u00e8 esdevenen ambaixadors d\u2019un pa\u00eds europeu preparant, com a projecte d\u2019aula, un treball d\u2019investigaci\u00f3 sobre un pa\u00eds en concret. La finalitat d\u2019aquest treball de recerca en equip \u00e9s exposada a la resta de companys\/es de l\u2019escola dividits segons la seva etapa educativa.<\/p><p>Aquests tallers culminen amb la celebraci\u00f3, cada <strong>9 de maig<\/strong>, del dia d\u2019Europa oberta al m\u00f3n amb un acte obert a tota la comunitat educativa i una exposici\u00f3 visitada per les fam\u00edlies i guiada pels alumnes de l\u2019escola.<\/p><p><img fetchpriority=\"high\" decoding=\"async\" class=\"alignnone wp-image-2293 size-full\" src=\"https:\/\/mariaosso.cat\/escola\/wp-content\/uploads\/2018\/02\/europa-1.jpg\" alt=\"\" width=\"946\" height=\"379\" srcset=\"https:\/\/mariaosso.cat\/escola\/wp-content\/uploads\/2018\/02\/europa-1.jpg 946w, https:\/\/mariaosso.cat\/escola\/wp-content\/uploads\/2018\/02\/europa-1-300x120.jpg 300w, https:\/\/mariaosso.cat\/escola\/wp-content\/uploads\/2018\/02\/europa-1-768x308.jpg 768w\" sizes=\"(max-width: 946px) 100vw, 946px\" \/><\/p><p>\u00a0<\/p>\t\t\t\t\t\t<\/div>\n\t\t\t\t<\/div>\n\t\t\t\t\t<\/div>\n\t\t\t\t<\/div>\n\t\t\t\t<\/div>\n\t\t","protected":false},"excerpt":{"rendered":"<p>Celebrem el dia d&#8217;Europa \u00a0 A la nostra escola, a principis de maig, els alumnes de 5\u00e8 esdevenen ambaixadors d\u2019un pa\u00eds europeu preparant, com a projecte d\u2019aula, un treball d\u2019investigaci\u00f3 sobre un pa\u00eds en concret. La finalitat d\u2019aquest treball de recerca en equip \u00e9s exposada a la resta de companys\/es de l\u2019escola dividits segons la [&hellip;]<\/p>\n","protected":false},"author":1,"featured_media":0,"parent":0,"menu_order":0,"comment_status":"closed","ping_status":"closed","template":"","meta":{"site-sidebar-layout":"default","site-content-layout":"","ast-site-content-layout":"","site-content-style":"default","site-sidebar-style":"default","ast-global-header-display":"","ast-banner-title-visibility":"","ast-main-header-display":"","ast-hfb-above-header-display":"","ast-hfb-below-header-display":"","ast-hfb-mobile-header-display":"","site-post-title":"","ast-breadcrumbs-content":"","ast-featured-img":"","footer-sml-layout":"","theme-transparent-header-meta":"","adv-header-id-meta":"","stick-header-meta":"","header-above-stick-meta":"","header-main-stick-meta":"","header-below-stick-meta":"","astra-migrate-meta-layouts":"default","ast-page-background-enabled":"default","ast-page-background-meta":{"desktop":{"background-color":"","background-image":"","background-repeat":"repeat","background-position":"center center","background-size":"auto","background-attachment":"scroll","background-type":"","background-media":"","overlay-type":"","overlay-color":"","overlay-gradient":""},"tablet":{"background-color":"","background-image":"","background-repeat":"repeat","background-position":"center center","background-size":"auto","background-attachment":"scroll","background-type":"","background-media":"","overlay-type":"","overlay-color":"","overlay-gradient":""},"mobile":{"background-color":"","background-image":"","background-repeat":"repeat","background-position":"center center","background-size":"auto","background-attachment":"scroll","background-type":"","background-media":"","overlay-type":"","overlay-color":"","overlay-gradient":""}},"ast-content-background-meta":{"desktop":{"background-color":"var(--ast-global-color-5)","background-image":"","background-repeat":"repeat","background-position":"center center","background-size":"auto","background-attachment":"scroll","background-type":"","background-media":"","overlay-type":"","overlay-color":"","overlay-gradient":""},"tablet":{"background-color":"var(--ast-global-color-5)","background-image":"","background-repeat":"repeat","background-position":"center center","background-size":"auto","background-attachment":"scroll","background-type":"","background-media":"","overlay-type":"","overlay-color":"","overlay-gradient":""},"mobile":{"background-color":"var(--ast-global-color-5)","background-image":"","background-repeat":"repeat","background-position":"center center","background-size":"auto","background-attachment":"scroll","background-type":"","background-media":"","overlay-type":"","overlay-color":"","overlay-gradient":""}},"footnotes":""},"class_list":["post-2223","page","type-page","status-publish","hentry"],"_links":{"self":[{"href":"https:\/\/mariaosso.cat\/escola\/wp-json\/wp\/v2\/pages\/2223","targetHints":{"allow":["GET"]}}],"collection":[{"href":"https:\/\/mariaosso.cat\/escola\/wp-json\/wp\/v2\/pages"}],"about":[{"href":"https:\/\/mariaosso.cat\/escola\/wp-json\/wp\/v2\/types\/page"}],"author":[{"embeddable":true,"href":"https:\/\/mariaosso.cat\/escola\/wp-json\/wp\/v2\/users\/1"}],"replies":[{"embeddable":true,"href":"https:\/\/mariaosso.cat\/escola\/wp-json\/wp\/v2\/comments?post=2223"}],"version-history":[{"count":3,"href":"https:\/\/mariaosso.cat\/escola\/wp-json\/wp\/v2\/pages\/2223\/revisions"}],"predecessor-version":[{"id":4051,"href":"https:\/\/mariaosso.cat\/escola\/wp-json\/wp\/v2\/pages\/2223\/revisions\/4051"}],"wp:attachment":[{"href":"https:\/\/mariaosso.cat\/escola\/wp-json\/wp\/v2\/media?parent=2223"}],"curies":[{"name":"wp","href":"https:\/\/api.w.org\/{rel}","templated":true}]}}