{"id":3,"date":"2023-02-04T20:30:07","date_gmt":"2023-02-04T20:30:07","guid":{"rendered":"http:\/\/mariaosso.cat\/escola\/?page_id=3"},"modified":"2024-04-13T08:34:11","modified_gmt":"2024-04-13T08:34:11","slug":"avis-legal","status":"publish","type":"page","link":"https:\/\/mariaosso.cat\/escola\/avis-legal\/","title":{"rendered":"Av\u00eds legal"},"content":{"rendered":"\t\t<div data-elementor-type=\"wp-page\" data-elementor-id=\"3\" class=\"elementor elementor-3\">\n\t\t\t\t\t\t<section class=\"elementor-section elementor-top-section elementor-element elementor-element-2421e073 elementor-section-boxed elementor-section-height-default elementor-section-height-default\" data-id=\"2421e073\" data-element_type=\"section\">\n\t\t\t\t\t\t<div class=\"elementor-container elementor-column-gap-default\">\n\t\t\t\t\t<div class=\"elementor-column elementor-col-100 elementor-top-column elementor-element elementor-element-5563a7fb\" data-id=\"5563a7fb\" data-element_type=\"column\">\n\t\t\t<div class=\"elementor-widget-wrap elementor-element-populated\">\n\t\t\t\t\t\t<div class=\"elementor-element elementor-element-7bdc4a7c elementor-widget elementor-widget-text-editor\" data-id=\"7bdc4a7c\" data-element_type=\"widget\" data-widget_type=\"text-editor.default\">\n\t\t\t\t<div class=\"elementor-widget-container\">\n\t\t\t<style>\/*! elementor - v3.21.0 - 25-04-2024 *\/\n.elementor-widget-text-editor.elementor-drop-cap-view-stacked .elementor-drop-cap{background-color:#69727d;color:#fff}.elementor-widget-text-editor.elementor-drop-cap-view-framed .elementor-drop-cap{color:#69727d;border:3px solid;background-color:transparent}.elementor-widget-text-editor:not(.elementor-drop-cap-view-default) .elementor-drop-cap{margin-top:8px}.elementor-widget-text-editor:not(.elementor-drop-cap-view-default) .elementor-drop-cap-letter{width:1em;height:1em}.elementor-widget-text-editor .elementor-drop-cap{float:left;text-align:center;line-height:1;font-size:50px}.elementor-widget-text-editor .elementor-drop-cap-letter{display:inline-block}<\/style>\t\t\t\t<ol>\n<li><strong>\u2013\u00a0<u>IDENTIFICACI\u00d3<\/u>\u00a0DEL TITULAR DEL DOMINI<\/strong><\/li>\n<\/ol>\n<p><strong>\u00a0<\/strong><\/p>\n<p>En compliment del deure d\u2019informaci\u00f3 recollit a l\u2019article 10 de la Llei 34\/2002,<\/p>\n<p>de 11 de juliol, de Serveis de la Societat de la Informaci\u00f3 i del Comer\u00e7 Electr\u00f2nic, a continuaci\u00f3 es publiquen les seg\u00fcents dades:<\/p>\n<p>El titular d\u2019aquesta website \u00e9s: Escola Maria Oss\u00f3 amb domicili a Ram\u00f3nDalmases 2-10, 08870 Sitges, amb n\u00famero de CIF:\u00a0Q 0801078 G<\/p>\n<p>Tel\u00e8fon de contacte: 93 894 07 13<\/p>\n<p>Correu electr\u00f2nic de contacte: a8053583@xtec.cat<\/p>\n<p><u>\u00a0<\/u><\/p>\n<ol start=\"2\">\n<li><strong>\u2013 CONDICIONS D\u2019\u00daS DE LA WEB.<\/strong><\/li>\n<\/ol>\n<p><strong>\u00a0<\/strong><\/p>\n<p>S\u2019entendr\u00e0 com a usuari a la persona que accedeix i faci servir aquesta website.<\/p>\n<p>L\u2019usuari pel sol fet de ser-ho accepta aquestes condicions d\u2019\u00fas.<\/p>\n<p>L\u2019usuari assumeix la responsabilitat de l\u2019\u00fas que pugui fer d\u2019aquesta web.<\/p>\n<p>Aquesta responsabilitat s\u2019est\u00e9n al registre que fos necessari per accedir adeterminats serveis o continguts. L\u2019usuari ser\u00e0 responsable d\u2019aportar informaci\u00f3n vera\u00e7 i l\u00edcita en el proc\u00e9s de registre.<\/p>\n<p>L\u2019USUARI es compromet a fer un \u00fas adequat dels continguts i serveis queEscola Maria Oss\u00f3 ofereix a trav\u00e9s d\u2019aquesta web i amb car\u00e0cter enunciatiu per\u00f2 no limitador, a no fer-los servir per a:<\/p>\n<p>\u00a0<\/p>\n<ol>\n<li>Provocar danys en els sistemes f\u00edsics i l\u00f2gics de Escola Maria Oss\u00f3,<\/li>\n<\/ol>\n<p>dels seus prove\u00efdors o de terceres persones, introduir o difondre a la<\/p>\n<p>xarxa virus inform\u00e0tics o qualssevol altres sistemes f\u00edsics o l\u00f2gics que<\/p>\n<p>siguin susceptibles de provocar els danys anteriorment esmentats.<\/p>\n<p>\u00a0<\/p>\n<ol start=\"2\">\n<li>Intentar accedir i, si escau, fer servir els comptes de correu electr\u00f2nic<\/li>\n<\/ol>\n<p>d\u2019altres usuaris i modificar o manipular els seus missatges.<\/p>\n<p>\u00a0<\/p>\n<p>Queda prohibida la publicaci\u00f3 en els nostres espais web de contingutsque atemptin contra els principis enumerats a continuaci\u00f3, reservant-seel titular del domini l\u2019exercici de quantes accions siguin procedents endret contra els responsables de la seva publicaci\u00f3:<\/p>\n<p>\u00a0<\/p>\n<ol>\n<li>La salvaguarda de l\u2019ordre p\u00fablic, la investigaci\u00f3 penal, seguretat p\u00fablica i defensa nacional,<\/li>\n<li>La protecci\u00f3 de la salut p\u00fablica o de les persones f\u00edsiques quetinguin la condici\u00f3 de consumidors o usuaris,<\/li>\n<li>El respecte a la dignitat de la persona i al principi de nodiscriminaci\u00f3 per motius de ra\u00e7a, sexe, opini\u00f3, nacionalitat, discapacitat o qualsevol altra circumst\u00e0ncia personal o social,<\/li>\n<\/ol>\n<p>\u00a0<\/p>\n<ol>\n<li>La protecci\u00f3 de la joventut i de la inf\u00e0ncia.<\/li>\n<\/ol>\n<p>\u00a0<\/p>\n<ol>\n<li>El respecte a l\u2019autonomia de la voluntat de l\u2019afectat<\/li>\n<\/ol>\n<p>\u00a0<\/p>\n<ol>\n<li>El respecte a la propietat intel\u00b7lectual del publicat<\/li>\n<\/ol>\n<p>\u00a0<\/p>\n<ol>\n<li>En general, el respecte a la legalitat vigent<\/li>\n<\/ol>\n<p>\u00a0<\/p>\n<p>En qualsevol cas, el titular del domini no ser\u00e0 responsable de les opinions abocades pels usuaris a trav\u00e9s dels f\u00f2rums, xats, o altres eines de participaci\u00f3n que es puguin incorporar a aquesta web.<\/p>\n<p>\u00a0<\/p>\n<p>\u00a0<\/p>\n<ol start=\"3\">\n<li><strong>\u2013 PROPIETAT INTEL\u00b7LECTUAL I INDUSTRIAL<\/strong><\/li>\n<\/ol>\n<p><strong>\u00a0<\/strong><\/p>\n<p>Escola Maria Oss\u00f3 \u00e9s titular de tots els drets de propietat intel\u00b7lectual i industrial de les seves p\u00e0gines web, com tamb\u00e9 ho \u00e9s de tot el seu contingut, per la qual cosa tota reproducci\u00f3, distribuci\u00f3 i comunicaci\u00f3 p\u00fablica total o parcial del seu contingut queda expressament prohibida sense l\u2019autoritzaci\u00f3 expressa del titular.<\/p>\n<p>\u00a0<\/p>\n<ol start=\"4\">\n<li><strong>\u2013 RESPONSABILITAT<\/strong><\/li>\n<\/ol>\n<p><strong>\u00a0<\/strong><\/p>\n<p>El titular del domini no ser\u00e0 responsable dels danys i perjudicis que es puguin<\/p>\n<p>derivar d\u2019interfer\u00e8ncies o avaries telef\u00f2niques, desconnexions en el sistema<\/p>\n<p>electr\u00f2nic, pres\u00e8ncia de virus inform\u00e0tics, programes maliciosos o qualsevol<\/p>\n<p>altre factor ali\u00e8 al seu control.<\/p>\n<p>\u00a0<\/p>\n<p>Tampoc ser\u00e0 responsable dels continguts o sistemes de tercers connectats<\/p>\n<p>amb el seu domini.<\/p>\n<p>\u00a0<\/p>\n<ol start=\"5\">\n<li><strong>\u2013 PRIVACITAT.<\/strong><\/li>\n<\/ol>\n<p><strong>\u00a0<\/strong><\/p>\n<p><strong>5.1. \u2013 CONSENTIMENT DE L\u2019USUARI<\/strong><\/p>\n<p><strong>\u00a0<\/strong><\/p>\n<p>S\u2019entendr\u00e0 que l\u2019usuari accepta les condicions establertes si<\/p>\n<p>envia un correu electr\u00f2nic a les adreces de contacte que figuren a la web.<\/p>\n<p>\u00a0<\/p>\n<p><strong>5.4. \u2013 \u00daS ADRECES IP I COOKIES I RECOLLIDA DE DADES<\/strong><\/p>\n<p><strong>ESTAD\u00cdSTIQUES.<\/strong><\/p>\n<p>\u00a0<\/p>\n<p>Escola Maria Oss\u00f3 Sitges l\u2019informa que la navegaci\u00f3 d\u2019un usuari per aquesta web<\/p>\n<p>deixa com a rastre l\u2019adre\u00e7a IP que li ha estat assignada pel seu prove\u00efdor<\/p>\n<p>d\u2019acc\u00e9s a internet. Nom\u00e9s s\u2019utilitza aquesta adre\u00e7a per a fins exclusivament<\/p>\n<p>interns, com s\u00f3n les estad\u00edstiques d\u2019acc\u00e9s al Portal.<\/p>\n<p>\u00a0<\/p>\n<p>\u00a0<\/p>\n<p>Per a la utilitzaci\u00f3 d\u2019aquesta web, \u00e9s possible que es facin servir cookies. Les<\/p>\n<p>cookies que es puguin utilitzar s\u2019associen \u00fanicament amb el navegador d\u2019un<\/p>\n<p>ordinador determinat (un usuari an\u00f2nim), i no proporcionen per si mateixes cap<\/p>\n<p>dada personal de l\u2019usuari.<\/p>\n<p>\u00a0<\/p>\n<p>Les cookies utilitzades no poden llegir els arxius cookie creats per altres<\/p>\n<p>prove\u00efdors o llocs web. L\u2019usuari t\u00e9 la possibilitat de configurar el seu navegador<\/p>\n<p>per ser avisat en pantalla de la recepci\u00f3 de cookies i per evitar la seva<\/p>\n<p>instal\u00b7laci\u00f3 al seu disc dur. Si us plau, consulti les instruccions i manuals del seu<\/p>\n<p>navegador per ampliar aquesta informaci\u00f3.<\/p>\n<p>\u00a0<\/p>\n<p><strong>5.5. \u2013 ENLLA\u00c7OS<\/strong><\/p>\n<p><strong>\u00a0<\/strong><\/p>\n<p>Per facilitar la recerca de recursos que creiem que s\u00f3n del seu inter\u00e8s, pot<\/p>\n<p>trobar en aquesta web enlla\u00e7os a altres p\u00e0gines.<\/p>\n<p>\u00a0<\/p>\n<p>Aquesta pol\u00edtica de privacitat nom\u00e9s \u00e9s d\u2019aplicaci\u00f3 a aquest web. L\u2019Escola Maria Oss\u00f3 no garanteix el compliment d\u2019aquesta pol\u00edtica en altres webs, ni es fa<\/p>\n<p>responsable dels accessos mitjan\u00e7ant enlla\u00e7os des d\u2019aquest lloc.<\/p>\n<p>\u00a0<\/p>\n<ol start=\"6\">\n<li><strong>\u2013 MODIFICACIONS DE LES PRESENTS CONDICIONS I VIG\u00c8NCIA<\/strong><\/li>\n<\/ol>\n<p><strong>\u00a0<\/strong><\/p>\n<p>Escola Maria Oss\u00f3 pot modificar les presents condicions en qualsevol moment,<\/p>\n<p>sense previ av\u00eds, publicant les seves modificacions tal com aqu\u00ed apareixen. Un<\/p>\n<p>cop modificades, les presents condicions deixaran de ser vigents i seran<\/p>\n<p>substitu\u00efdes per la seva modificaci\u00f3.<\/p>\n<p>\u00a0<\/p>\n<ol start=\"7\">\n<li><strong>\u2013 LEGISLACI\u00d3 APLICABLE I JURISDICCI\u00d3<\/strong><\/li>\n<\/ol>\n<p><strong>\u00a0<\/strong><\/p>\n<p>La relaci\u00f3 entre Escola Maria Oss\u00f3 i l\u2019usuari es regir\u00e0 per la normativa<\/p>\n<p>espanyola vigent i qualsevol controv\u00e8rsia se sotmetr\u00e0 als Jutjats i tribunals de<\/p>\n<p>la ciutat de Sitges.<\/p>\t\t\t\t\t\t<\/div>\n\t\t\t\t<\/div>\n\t\t\t\t\t<\/div>\n\t\t<\/div>\n\t\t\t\t\t<\/div>\n\t\t<\/section>\n\t\t\t\t<\/div>\n\t\t","protected":false},"excerpt":{"rendered":"<p>\u2013\u00a0IDENTIFICACI\u00d3\u00a0DEL TITULAR DEL DOMINI \u00a0 En compliment del deure d\u2019informaci\u00f3 recollit a l\u2019article 10 de la Llei 34\/2002, de 11 de juliol, de Serveis de la Societat de la Informaci\u00f3 i del Comer\u00e7 Electr\u00f2nic, a continuaci\u00f3 es publiquen les seg\u00fcents dades: El titular d\u2019aquesta website \u00e9s: Escola Maria Oss\u00f3 amb domicili a Ram\u00f3nDalmases 2-10, 08870 [&hellip;]<\/p>\n","protected":false},"author":1,"featured_media":0,"parent":0,"menu_order":0,"comment_status":"closed","ping_status":"closed","template":"","meta":{"site-sidebar-layout":"default","site-content-layout":"","ast-site-content-layout":"","site-content-style":"default","site-sidebar-style":"default","ast-global-header-display":"","ast-banner-title-visibility":"","ast-main-header-display":"","ast-hfb-above-header-display":"","ast-hfb-below-header-display":"","ast-hfb-mobile-header-display":"","site-post-title":"","ast-breadcrumbs-content":"","ast-featured-img":"","footer-sml-layout":"","theme-transparent-header-meta":"","adv-header-id-meta":"","stick-header-meta":"","header-above-stick-meta":"","header-main-stick-meta":"","header-below-stick-meta":"","astra-migrate-meta-layouts":"default","ast-page-background-enabled":"default","ast-page-background-meta":{"desktop":{"background-color":"","background-image":"","background-repeat":"repeat","background-position":"center center","background-size":"auto","background-attachment":"scroll","background-type":"","background-media":"","overlay-type":"","overlay-color":"","overlay-gradient":""},"tablet":{"background-color":"","background-image":"","background-repeat":"repeat","background-position":"center center","background-size":"auto","background-attachment":"scroll","background-type":"","background-media":"","overlay-type":"","overlay-color":"","overlay-gradient":""},"mobile":{"background-color":"","background-image":"","background-repeat":"repeat","background-position":"center center","background-size":"auto","background-attachment":"scroll","background-type":"","background-media":"","overlay-type":"","overlay-color":"","overlay-gradient":""}},"ast-content-background-meta":{"desktop":{"background-color":"var(--ast-global-color-5)","background-image":"","background-repeat":"repeat","background-position":"center center","background-size":"auto","background-attachment":"scroll","background-type":"","background-media":"","overlay-type":"","overlay-color":"","overlay-gradient":""},"tablet":{"background-color":"var(--ast-global-color-5)","background-image":"","background-repeat":"repeat","background-position":"center center","background-size":"auto","background-attachment":"scroll","background-type":"","background-media":"","overlay-type":"","overlay-color":"","overlay-gradient":""},"mobile":{"background-color":"var(--ast-global-color-5)","background-image":"","background-repeat":"repeat","background-position":"center center","background-size":"auto","background-attachment":"scroll","background-type":"","background-media":"","overlay-type":"","overlay-color":"","overlay-gradient":""}},"footnotes":""},"class_list":["post-3","page","type-page","status-publish","hentry"],"_links":{"self":[{"href":"https:\/\/mariaosso.cat\/escola\/wp-json\/wp\/v2\/pages\/3","targetHints":{"allow":["GET"]}}],"collection":[{"href":"https:\/\/mariaosso.cat\/escola\/wp-json\/wp\/v2\/pages"}],"about":[{"href":"https:\/\/mariaosso.cat\/escola\/wp-json\/wp\/v2\/types\/page"}],"author":[{"embeddable":true,"href":"https:\/\/mariaosso.cat\/escola\/wp-json\/wp\/v2\/users\/1"}],"replies":[{"embeddable":true,"href":"https:\/\/mariaosso.cat\/escola\/wp-json\/wp\/v2\/comments?post=3"}],"version-history":[{"count":10,"href":"https:\/\/mariaosso.cat\/escola\/wp-json\/wp\/v2\/pages\/3\/revisions"}],"predecessor-version":[{"id":1140,"href":"https:\/\/mariaosso.cat\/escola\/wp-json\/wp\/v2\/pages\/3\/revisions\/1140"}],"wp:attachment":[{"href":"https:\/\/mariaosso.cat\/escola\/wp-json\/wp\/v2\/media?parent=3"}],"curies":[{"name":"wp","href":"https:\/\/api.w.org\/{rel}","templated":true}]}}